{"id":2885,"date":"2023-11-14T19:06:25","date_gmt":"2023-11-14T18:06:25","guid":{"rendered":"https:\/\/pchelp50plus.nl\/product\/eenmalig-systeem-opschonen\/"},"modified":"2025-09-16T14:25:34","modified_gmt":"2025-09-16T12:25:34","slug":"eenmalige-systeemopruiming","status":"publish","type":"product","link":"https:\/\/pchelp50plus.nl\/nl\/product\/eenmalige-systeemopruiming\/","title":{"rendered":"Eenmalig systeem opschonen"},"content":{"rendered":"<h1><span style=\"color: #000080;\">Eenmalig systeem opschonen<\/span><\/h1>\n<h2><\/h2>\n<h2><span style=\"color: #000080;\">Eenmalige systeemopruiming, antivirus en beveiliging<\/span><\/h2>\n<p><span style=\"color: #000080;\">Het <strong>One Time Cleanup, Antivirus &amp; Security<\/strong> pakket is ons starterspakket voor degenen die ons beter willen leren kennen voordat ze een langdurige overeenkomst aangaan. We begrijpen je positie als klant die ons eerst wil controleren. In dit pakket krijgt de klant een eenmalige totale schoonmaakbeurt voor \u00e9\u00e9n computer en 3 maanden Pc Help 50 Plus Beveiliging en Anti Virus GRATIS ge\u00efnstalleerd!<\/span><\/p>\n<p><span style=\"color: #000080;\">Ons team voor computerondersteuning op afstand zal zijn best doen om ervoor te zorgen dat je je tijdens de sessie comfortabel en veilig voelt. Wij zijn een van de toonaangevende bedrijven op het gebied van technische ondersteuning op afstand voor consumenten en kleine bedrijven.<\/span><\/p>\n<h2><span style=\"color: #000080;\">One Time System Cleanup, Antivirus &amp; Security gebruikt alleen de allerbeste software om je systeem(en) op te schonen en te beveiligen.<\/span><\/h2>\n<h3><span style=\"color: #000080;\">F-Secure Safe Beveiliging<\/span><\/h3>\n<p><span style=\"color: #000080;\">Het <strong>One Time Cleanup, Antivirus &amp; Security-pakket<\/strong> bevat de F-Secure Safe Security-software en biedt je volledige bescherming voor je apparaat. Pc Help 50 Plus helpt je bij het installeren en<img decoding=\"async\" class=\"alignright wp-image-14744 size-medium\" src=\"https:\/\/pchelp50plus.com\/wp-content\/uploads\/2021\/03\/F-Secure-Safe-Award-300x151.jpg\" alt=\"Eenmalig systeem opschonen\" width=\"300\" height=\"151\"> activeren van de software met hulp van een technicus. Je hoeft alleen maar toe te kijken terwijl op je systeem of systemen het meest effici\u00ebnte, gebruiksvriendelijke programma wordt ge\u00efnstalleerd.<\/span><\/p>\n<p><span style=\"color: #000080;\">Ons team voor computerondersteuning op afstand zal zijn best doen om ervoor te zorgen dat je je tijdens de sessie comfortabel en veilig voelt. Wij zijn een van de toonaangevende bedrijven op het gebied van technische ondersteuning op afstand voor consumenten en kleine bedrijven.<\/span><\/p>\n<h4 style=\"color: #000080;\"><strong>Hoe SAFE u beschermt<\/strong><\/h4>\n<p><span style=\"color: #000080;\">SAFE beveiligt je online leven. Beheer uw abonnement en voeg eenvoudig bescherming toe aan uw pc, Mac, Android- en iOS-apparaten via uw Mijn F-Secure-account.<\/span><\/p>\n<p><span style=\"color: #000080;\"><strong>STOP VIRUSSEN EN MALWARE<\/strong><br \/>\nOnze meerlaagse beveiliging blokkeert virussen, Trojaanse paarden, ransomware en andere bedreigingen in realtime. Je apparaten en persoonlijke gegevens zijn veilig voor bestaande en nieuwe malwarebedreigingen.<\/span><br \/>\n<span style=\"color: #000080;\"><strong>BESCHERMT UW GELD<\/strong><br \/>\nVeilig online winkelen en bankieren. Bankbeveiliging detecteert wanneer je naar een banksite gaat of online een betalingsproces start. Het activeert automatische beveiligingsmaatregelen om je geld veilig te houden tijdens de sessie ondanks het bezoeken van slechte websites.<\/span><\/p>\n<p><span style=\"color: #000080;\"><strong>BLOKKERT SCHADELIJKE WEBSITES<\/strong><br \/>\nSurf op het internet zonder je zorgen te maken dat je op riskante of gevaarlijke websites terechtkomt. SAFE beperkt je toegang tot bekende malware en phishingsites die je gegevens proberen te stelen. Kleurgecodeerde zoekresultaten helpen je om onveilige websites te vermijden voordat je ze opent.<\/span><\/p>\n<p><span style=\"color: #000080;\"><strong>OPTIMIZED VOOR STREAMEN EN GAMEN<\/strong><br \/>\nBlijf veilig zonder prestatieverlies tijdens het gamen of streamen van media door de Gaming-modus in te schakelen. De Gaming-modus optimaliseert de beveiliging en Windows-instellingen en -functionaliteiten voor een ononderbroken ervaring.<\/span><\/p>\n<p><span style=\"color: #000080;\"><strong>ADVANCED PARENTAL CONTROLS<\/strong><br \/>\nStel gezonde grenzen voor je kinderen op hun persoonlijke apparaten. Bescherm ze tegen schadelijke online inhoud en matig hun schermtijd ondanks de profielen. Beheer de grenzen op afstand in My F-Secure.<\/span><\/p>\n<div class=\"background responsivegrid aem-GridColumn aem-GridColumn--default--12\">\n<div id=\"background-1993730380\" class=\"cmp-background m-t-0 m-b-0\">\n<div class=\"cmp-background__content p-t-0 p-b-0\">\n<div class=\"aem-Grid aem-Grid--12 aem-Grid--default--12 aem-Grid--sm--12 \">\n<div class=\"background responsivegrid aem-GridColumn--sm--none aem-GridColumn--default--none aem-GridColumn--offset--sm--0 aem-GridColumn aem-GridColumn--sm--12 aem-GridColumn--default--5 aem-GridColumn--offset--default--1\">\n<div id=\"background-662402600\" class=\"cmp-background m-t-0 m-b-0 text-center flex-container flex-center full-height\">\n<div class=\"cmp-background__content\">\n<div class=\"aem-Grid aem-Grid--12 aem-Grid--default--12 \">\n<div class=\"image aem-GridColumn aem-GridColumn--default--12\">\n<h4 class=\"cmp-image\" data-cmp-src=\"\/en\/home\/products\/safe\/_jcr_content\/root\/responsivegrid\/responsivegrid\/background_179256994\/par\/background_1705368140\/par\/background_201594571\/par\/image.coreimg{.width}.svg\/1615376970344\/parental-control.svg\" data-asset=\"\/content\/dam\/f-secure\/en\/consumer\/images\/illustrations\/parental-control.svg\" data-asset-id=\"77c26e77-4c31-4452-874b-8f677f4841cb\"><span style=\"color: #000080; font-family: -apple-system, BlinkMacSystemFont, 'Segoe UI', Roboto, Oxygen, Ubuntu, Cantarell, 'Fira Sans', 'Droid Sans', 'Helvetica Neue', sans-serif; font-size: 2.25rem; font-weight: bold;\">Bekroonde internetbeveiliging met geavanceerde functies<\/span><\/h4>\n<\/div>\n<\/div>\n<\/div>\n<\/div>\n<\/div>\n<\/div>\n<\/div>\n<\/div>\n<\/div>\n<div class=\"text aem-GridColumn--offset--lg--0 aem-GridColumn--lg--12 aem-GridColumn aem-GridColumn--lg--newline aem-GridColumn--default--12\">\n<div class=\"cmp-text\">\n<ul>\n<li><span style=\"color: #000080;\"><b>Antivirus<\/b>: Bescherm uw apparaten tegen virussen, Trojaanse paarden, ransomware, adware, keyloggers, spyware en andere malware met onze bekroonde technologie.<\/span><\/li>\n<\/ul>\n<\/div>\n<\/div>\n<div class=\"text aem-GridColumn aem-GridColumn--default--12\">\n<div class=\"cmp-text\">\n<ul>\n<li><span style=\"color: #000080;\"><b>Bescherming tijdens het surfen<\/b>: Verken het internet en blijf veilig voor schadelijke en gevaarlijke webpagina&#8217;s om je veiligheid en privacy te waarborgen.<\/span><\/li>\n<\/ul>\n<\/div>\n<\/div>\n<div class=\"text aem-GridColumn aem-GridColumn--default--12\">\n<div class=\"cmp-text\">\n<ul>\n<li><span style=\"color: #000080;\"><b>Bescherming tegen ransomware<\/b>: Blijf online criminelen voor en bescherm jezelf tegen de toenemende hoeveelheid ransomware.<\/span><\/li>\n<\/ul>\n<\/div>\n<\/div>\n<div class=\"text aem-GridColumn aem-GridColumn--default--12\">\n<div class=\"cmp-text\">\n<ul>\n<li><span style=\"color: #000080;\"><b>Bankbeveiliging<\/b>: Bankbeveiliging laat je weten wanneer je op een veilige banksite bent en houdt je geld veilig door de verbinding met de site te beveiligen.<\/span><\/li>\n<\/ul>\n<\/div>\n<\/div>\n<div class=\"text aem-GridColumn aem-GridColumn--default--12\">\n<div class=\"cmp-text\">\n<ul>\n<li><span style=\"color: #000080;\"><b>Ouderlijk toezicht<\/b>: Bescherm de online veiligheid van je kinderen met Familieregels door grenzen te stellen aan hun schermtijd en schadelijke inhoud te blokkeren.<\/span><\/li>\n<\/ul>\n<\/div>\n<\/div>\n<div class=\"text aem-GridColumn aem-GridColumn--default--12\">\n<div class=\"cmp-text\">\n<ul>\n<li><span style=\"color: #000080;\"><b>Gamingmodus<\/b>: Geniet van beschermd gamen en streamen op Windows-computers met compromisloze prestaties.<\/span><\/li>\n<\/ul>\n<\/div>\n<\/div>\n<div class=\"text aem-GridColumn aem-GridColumn--default--12\">\n<div class=\"cmp-text\">\n<ul>\n<li><span style=\"color: #000080;\"><b>Vinder<\/b>: Vind uw verloren of gestolen Android-apparaat en beheer het op afstand via uw My F-Secure-account.<\/span><\/li>\n<\/ul>\n<\/div>\n<\/div>\n<div class=\"text aem-GridColumn aem-GridColumn--default--12\">\n<div class=\"cmp-text\">\n<ul>\n<li><span style=\"color: #000080;\"><b>Mijn F-Secure-account<\/b>: Verleng of beheer uw bescherming via een gebruiksvriendelijke beheerservice.<\/span><\/li>\n<\/ul>\n<\/div>\n<\/div>\n<div class=\"text aem-GridColumn aem-GridColumn--default--12\">\n<div class=\"cmp-text\">\n<ul>\n<li><span style=\"color: #000080;\"><b>Gratis klantenondersteuning<\/b>: Krijg gratis ondersteuning en hulp van de experts van F-Secure.<\/span><\/li>\n<\/ul>\n<\/div>\n<\/div>\n<p>Als je vragen hebt over deze eenmalige opschoon-, antivirus- &amp; beveiligingsservice<span class=\"post-title\"> <\/span>informatie op deze pagina, <a style=\"text-decoration: none; color: #000080;\" href=\"https:\/\/pchelp50plus.nl\/contact\/\"><strong>stuur ons<\/strong><\/a> dan gerust <strong>een e-mail.<\/strong><\/p>\n<p>Al onze diensten leveren we volgens de <a style=\"text-decoration: none; color: #000080;\" href=\"https:\/\/en.wikipedia.org\/wiki\/General_Data_Protection_Regulation\"><br \/>\n  <strong>GDPR<\/strong><br \/>\n<\/a> nalevingsregel.<\/p>\n<h4><span style=\"color: #999999;\">Algemene disclaimer<\/span><\/h4>\n<p><span style=\"color: #999999;\">Lees deze disclaimer (&#8220;disclaimer&#8221;) zorgvuldig door voordat u de pchelp50plus website (&#8220;website&#8221;, &#8220;dienst&#8221;) die wordt beheerd door Global Webshops bv (&#8220;wij&#8221;, &#8220;we&#8221;, &#8220;onze&#8221;) gebruikt.<\/span><\/p>\n<p><span style=\"color: #999999;\">De inhoud die wordt weergegeven op de website is het intellectuele eigendom van Global Webshops bv en daarom mag u deze inhoud niet hergebruiken, herpubliceren of herdrukken zonder onze schriftelijke toestemming.<\/span><br \/>\n<span style=\"color: #999999;\">Alle gepubliceerde informatie is louter informatief en niet bedoeld ter vervanging van professioneel advies. Als u besluit te handelen op basis van informatie op deze website, doet u dit op eigen risico. In de tussentijd zullen we ons best doen om je op de hoogte te houden als je een abonnement bij ons hebt via ons mailsysteem. In geval van twijfel kun je ons altijd een e-mail sturen en dan brengen we je meteen op de hoogte.<\/span><\/p>\n<h4><span style=\"color: #999999;\">Garantie disclaimer<\/span><\/h4>\n<p><span style=\"color: #999999;\">De informatie op deze website is uitsluitend bedoeld voor algemene informatiedoeleinden totdat een aankoop wordt gedaan. We garanderen de producten via de garantie van onze leveranciers en daarom zorgen we ervoor dat ze correct worden ge\u00efnstalleerd. Als de klant na de eerste installatie wijzigingen aanbrengt in de instellingen of als de klant deze instellingen door een andere persoon of een ander bedrijf laat wijzigen, lokaal of via een sessie op afstand, vervalt de garantie. We kunnen dan geen verantwoordelijkheid meer nemen, maar de klant kan nog wel contact met ons opnemen. Als er een extra sessie nodig is om de software te resetten of opnieuw te installeren, zal dat uiteraard tijd en geld kosten. Dit kan leiden tot extra kosten die alleen door de klant worden gedragen, ondanks eerdere claims.<\/span><\/p>\n<h4><span style=\"color: #999999;\">Disclaimer inhoud<\/span><\/h4>\n<p><span style=\"color: #999999;\">De informatie wordt verstrekt door pchelp50plus en terwijl we proberen om de informatie actueel en correct te houden. Wij geven geen verklaringen of garanties van welke aard dan ook, expliciet of impliciet, over de volledigheid, nauwkeurigheid, betrouwbaarheid, geschiktheid of beschikbaarheid met betrekking tot de website of de informatie, producten, diensten of gerelateerde afbeeldingen op de website voor welk doel dan ook. Het vertrouwen dat u stelt in dergelijke informatie is daarom strikt op eigen risico. In geen geval zijn wij aansprakelijk voor verlies of schade, inclusief en zonder beperking, indirecte of gevolgschade of -verlies, of verlies of schade als gevolg van verlies van gegevens of winst voortvloeiend uit of in verband met het gebruik van deze website.  <\/span><\/p>\n<h4><span style=\"color: #999999;\">Disclaimer externe links<\/span><\/h4>\n<p><span style=\"color: #999999;\">Via deze website kunt u doorlinken naar andere websites die niet onder het beheer van pchelp50plus vallen. We hebben geen controle over de aard, inhoud en beschikbaarheid van deze sites. Het opnemen van links impliceert niet noodzakelijkerwijs een aanbeveling of een onderschrijving van de standpunten die erin worden geuit. We doen er alles aan om de website in de lucht en soepel draaiend te houden. Echter, pchelp50plus neemt geen verantwoordelijkheid voor, en zal niet aansprakelijk zijn voor, het tijdelijk niet beschikbaar zijn van de website wanneer technische problemen buiten onze controle nauwkeurig zijn. We behouden ons het recht voor om dit beleid op elk gewenst moment te wijzigen. Als je er zeker van wilt zijn dat je op de hoogte bent van de laatste wijzigingen, raden we je met name aan deze pagina regelmatig te bezoeken om eventuele wijzigingen te lezen.<\/span><\/p>\n","protected":false},"excerpt":{"rendered":"<p>Eenmalig systeem opschonen Eenmalige systeemopruiming, antivirus en beveiliging Het One Time Cleanup, Antivirus &amp; Security pakket is ons starterspakket voor degenen die ons beter willen leren kennen voordat ze een langdurige overeenkomst aangaan. We begrijpen je positie als klant die ons eerst wil controleren. In dit pakket krijgt de klant een eenmalige totale schoonmaakbeurt voor [&hellip;]<\/p>\n","protected":false},"featured_media":2884,"comment_status":"open","ping_status":"closed","template":"","meta":{"content-type":"","site-sidebar-layout":"default","site-content-layout":"","ast-site-content-layout":"default","site-content-style":"default","site-sidebar-style":"default","ast-global-header-display":"","ast-banner-title-visibility":"","ast-main-header-display":"","ast-hfb-above-header-display":"","ast-hfb-below-header-display":"","ast-hfb-mobile-header-display":"","site-post-title":"","ast-breadcrumbs-content":"","ast-featured-img":"","footer-sml-layout":"","ast-disable-related-posts":"","theme-transparent-header-meta":"default","adv-header-id-meta":"","stick-header-meta":"","header-above-stick-meta":"","header-main-stick-meta":"","header-below-stick-meta":"","astra-migrate-meta-layouts":"default","ast-page-background-enabled":"default","ast-page-background-meta":{"desktop":{"background-color":"","background-image":"","background-repeat":"repeat","background-position":"center center","background-size":"auto","background-attachment":"scroll","background-type":"","background-media":"","overlay-type":"","overlay-color":"","overlay-opacity":"","overlay-gradient":""},"tablet":{"background-color":"","background-image":"","background-repeat":"repeat","background-position":"center center","background-size":"auto","background-attachment":"scroll","background-type":"","background-media":"","overlay-type":"","overlay-color":"","overlay-opacity":"","overlay-gradient":""},"mobile":{"background-color":"","background-image":"","background-repeat":"repeat","background-position":"center center","background-size":"auto","background-attachment":"scroll","background-type":"","background-media":"","overlay-type":"","overlay-color":"","overlay-opacity":"","overlay-gradient":""}},"ast-content-background-meta":{"desktop":{"background-color":"var(--ast-global-color-5)","background-image":"","background-repeat":"repeat","background-position":"center center","background-size":"auto","background-attachment":"scroll","background-type":"","background-media":"","overlay-type":"","overlay-color":"","overlay-opacity":"","overlay-gradient":""},"tablet":{"background-color":"var(--ast-global-color-5)","background-image":"","background-repeat":"repeat","background-position":"center center","background-size":"auto","background-attachment":"scroll","background-type":"","background-media":"","overlay-type":"","overlay-color":"","overlay-opacity":"","overlay-gradient":""},"mobile":{"background-color":"var(--ast-global-color-5)","background-image":"","background-repeat":"repeat","background-position":"center center","background-size":"auto","background-attachment":"scroll","background-type":"","background-media":"","overlay-type":"","overlay-color":"","overlay-opacity":"","overlay-gradient":""}}},"product_brand":[],"product_cat":[150,134],"product_tag":[169,168,166,167,170],"class_list":{"0":"post-2885","1":"product","2":"type-product","3":"status-publish","4":"has-post-thumbnail","6":"product_cat-diensten","7":"product_cat-software-kortingsaanbiedingen","8":"product_tag-maak-mijn-systeem-schoon-van-malware","9":"product_tag-malware-infectie","10":"product_tag-trojan-nl","11":"product_tag-virus-nl","12":"product_tag-virusverwijdering","13":"desktop-align-left","14":"tablet-align-left","15":"mobile-align-left","17":"first","18":"instock","19":"featured","20":"virtual","21":"taxable","22":"purchasable","23":"product-type-simple"},"yoast_head":"<!-- This site is optimized with the Yoast SEO plugin v27.3 - https:\/\/yoast.com\/product\/yoast-seo-wordpress\/ -->\n<title>Eenmalige systeemopruiming | leer ons kennen voordat u toezegt<\/title>\n<meta name=\"description\" content=\"Maak kennis met ons voordat u zich verbindt aan een van onze geavanceerde langetermijnplannen. Onze service zal je zeker bevallen!\" \/>\n<meta name=\"robots\" content=\"index, follow, max-snippet:-1, max-image-preview:large, max-video-preview:-1\" \/>\n<link rel=\"canonical\" href=\"https:\/\/pchelp50plus.nl\/nl\/product\/eenmalige-systeemopruiming\/\" \/>\n<meta property=\"og:locale\" content=\"nl_NL\" \/>\n<meta property=\"og:type\" content=\"article\" \/>\n<meta property=\"og:title\" content=\"Eenmalig systeem opschonen\" \/>\n<meta property=\"og:description\" content=\"Maak kennis met ons voordat u zich verbindt aan een van onze geavanceerde langetermijnplannen. Onze service zal je zeker bevallen!\" \/>\n<meta property=\"og:url\" content=\"https:\/\/pchelp50plus.nl\/nl\/product\/eenmalige-systeemopruiming\/\" \/>\n<meta property=\"article:publisher\" content=\"https:\/\/www.facebook.com\/PcHelp50Plus\" \/>\n<meta property=\"article:modified_time\" content=\"2025-09-16T12:25:34+00:00\" \/>\n<meta property=\"og:image\" content=\"https:\/\/pchelp50plus.nl\/wp-content\/uploads\/2023\/11\/One-Time-System-Cleanup.jpg\" \/>\n\t<meta property=\"og:image:width\" content=\"1170\" \/>\n\t<meta property=\"og:image:height\" content=\"646\" \/>\n\t<meta property=\"og:image:type\" content=\"image\/jpeg\" \/>\n<meta name=\"twitter:card\" content=\"summary_large_image\" \/>\n<meta name=\"twitter:title\" content=\"Eenmalig systeem opschonen\" \/>\n<meta name=\"twitter:site\" content=\"@PcHelp50Plus\" \/>\n<meta name=\"twitter:label1\" content=\"Geschatte leestijd\" \/>\n\t<meta name=\"twitter:data1\" content=\"6 minuten\" \/>\n<script type=\"application\/ld+json\" class=\"yoast-schema-graph\">{\"@context\":\"https:\\\/\\\/schema.org\",\"@graph\":[{\"@type\":\"WebPage\",\"@id\":\"https:\\\/\\\/pchelp50plus.nl\\\/nl\\\/product\\\/eenmalige-systeemopruiming\\\/\",\"url\":\"https:\\\/\\\/pchelp50plus.nl\\\/nl\\\/product\\\/eenmalige-systeemopruiming\\\/\",\"name\":\"Eenmalige systeemopruiming | leer ons kennen voordat u toezegt\",\"isPartOf\":{\"@id\":\"https:\\\/\\\/pchelp50plus.nl\\\/nl\\\/#website\"},\"primaryImageOfPage\":{\"@id\":\"https:\\\/\\\/pchelp50plus.nl\\\/nl\\\/product\\\/eenmalige-systeemopruiming\\\/#primaryimage\"},\"image\":{\"@id\":\"https:\\\/\\\/pchelp50plus.nl\\\/nl\\\/product\\\/eenmalige-systeemopruiming\\\/#primaryimage\"},\"thumbnailUrl\":\"https:\\\/\\\/pchelp50plus.nl\\\/wp-content\\\/uploads\\\/2023\\\/11\\\/One-Time-System-Cleanup.jpg\",\"datePublished\":\"2023-11-14T18:06:25+00:00\",\"dateModified\":\"2025-09-16T12:25:34+00:00\",\"description\":\"Maak kennis met ons voordat u zich verbindt aan een van onze geavanceerde langetermijnplannen. Onze service zal je zeker bevallen!\",\"breadcrumb\":{\"@id\":\"https:\\\/\\\/pchelp50plus.nl\\\/nl\\\/product\\\/eenmalige-systeemopruiming\\\/#breadcrumb\"},\"inLanguage\":\"nl-NL\",\"potentialAction\":[{\"@type\":\"ReadAction\",\"target\":[\"https:\\\/\\\/pchelp50plus.nl\\\/nl\\\/product\\\/eenmalige-systeemopruiming\\\/\"]}]},{\"@type\":\"ImageObject\",\"inLanguage\":\"nl-NL\",\"@id\":\"https:\\\/\\\/pchelp50plus.nl\\\/nl\\\/product\\\/eenmalige-systeemopruiming\\\/#primaryimage\",\"url\":\"https:\\\/\\\/pchelp50plus.nl\\\/wp-content\\\/uploads\\\/2023\\\/11\\\/One-Time-System-Cleanup.jpg\",\"contentUrl\":\"https:\\\/\\\/pchelp50plus.nl\\\/wp-content\\\/uploads\\\/2023\\\/11\\\/One-Time-System-Cleanup.jpg\",\"width\":1170,\"height\":646,\"caption\":\"One Time System Cleanup\"},{\"@type\":\"BreadcrumbList\",\"@id\":\"https:\\\/\\\/pchelp50plus.nl\\\/nl\\\/product\\\/eenmalige-systeemopruiming\\\/#breadcrumb\",\"itemListElement\":[{\"@type\":\"ListItem\",\"position\":1,\"name\":\"Home\",\"item\":\"https:\\\/\\\/pchelp50plus.nl\\\/nl\\\/home\\\/\"},{\"@type\":\"ListItem\",\"position\":2,\"name\":\"Winkel\",\"item\":\"https:\\\/\\\/pchelp50plus.nl\\\/nl\\\/winkel\\\/\"},{\"@type\":\"ListItem\",\"position\":3,\"name\":\"Eenmalig systeem opschonen\"}]},{\"@type\":\"WebSite\",\"@id\":\"https:\\\/\\\/pchelp50plus.nl\\\/nl\\\/#website\",\"url\":\"https:\\\/\\\/pchelp50plus.nl\\\/nl\\\/\",\"name\":\"\",\"description\":\"\",\"potentialAction\":[{\"@type\":\"SearchAction\",\"target\":{\"@type\":\"EntryPoint\",\"urlTemplate\":\"https:\\\/\\\/pchelp50plus.nl\\\/nl\\\/?s={search_term_string}\"},\"query-input\":{\"@type\":\"PropertyValueSpecification\",\"valueRequired\":true,\"valueName\":\"search_term_string\"}}],\"inLanguage\":\"nl-NL\"}]}<\/script>\n<!-- \/ Yoast SEO plugin. -->","yoast_head_json":{"title":"Eenmalige systeemopruiming | leer ons kennen voordat u toezegt","description":"Maak kennis met ons voordat u zich verbindt aan een van onze geavanceerde langetermijnplannen. Onze service zal je zeker bevallen!","robots":{"index":"index","follow":"follow","max-snippet":"max-snippet:-1","max-image-preview":"max-image-preview:large","max-video-preview":"max-video-preview:-1"},"canonical":"https:\/\/pchelp50plus.nl\/nl\/product\/eenmalige-systeemopruiming\/","og_locale":"nl_NL","og_type":"article","og_title":"Eenmalig systeem opschonen","og_description":"Maak kennis met ons voordat u zich verbindt aan een van onze geavanceerde langetermijnplannen. Onze service zal je zeker bevallen!","og_url":"https:\/\/pchelp50plus.nl\/nl\/product\/eenmalige-systeemopruiming\/","article_publisher":"https:\/\/www.facebook.com\/PcHelp50Plus","article_modified_time":"2025-09-16T12:25:34+00:00","og_image":[{"width":1170,"height":646,"url":"https:\/\/pchelp50plus.nl\/wp-content\/uploads\/2023\/11\/One-Time-System-Cleanup.jpg","type":"image\/jpeg"}],"twitter_card":"summary_large_image","twitter_title":"Eenmalig systeem opschonen","twitter_site":"@PcHelp50Plus","twitter_misc":{"Geschatte leestijd":"6 minuten"},"schema":{"@context":"https:\/\/schema.org","@graph":[{"@type":"WebPage","@id":"https:\/\/pchelp50plus.nl\/nl\/product\/eenmalige-systeemopruiming\/","url":"https:\/\/pchelp50plus.nl\/nl\/product\/eenmalige-systeemopruiming\/","name":"Eenmalige systeemopruiming | leer ons kennen voordat u toezegt","isPartOf":{"@id":"https:\/\/pchelp50plus.nl\/nl\/#website"},"primaryImageOfPage":{"@id":"https:\/\/pchelp50plus.nl\/nl\/product\/eenmalige-systeemopruiming\/#primaryimage"},"image":{"@id":"https:\/\/pchelp50plus.nl\/nl\/product\/eenmalige-systeemopruiming\/#primaryimage"},"thumbnailUrl":"https:\/\/pchelp50plus.nl\/wp-content\/uploads\/2023\/11\/One-Time-System-Cleanup.jpg","datePublished":"2023-11-14T18:06:25+00:00","dateModified":"2025-09-16T12:25:34+00:00","description":"Maak kennis met ons voordat u zich verbindt aan een van onze geavanceerde langetermijnplannen. Onze service zal je zeker bevallen!","breadcrumb":{"@id":"https:\/\/pchelp50plus.nl\/nl\/product\/eenmalige-systeemopruiming\/#breadcrumb"},"inLanguage":"nl-NL","potentialAction":[{"@type":"ReadAction","target":["https:\/\/pchelp50plus.nl\/nl\/product\/eenmalige-systeemopruiming\/"]}]},{"@type":"ImageObject","inLanguage":"nl-NL","@id":"https:\/\/pchelp50plus.nl\/nl\/product\/eenmalige-systeemopruiming\/#primaryimage","url":"https:\/\/pchelp50plus.nl\/wp-content\/uploads\/2023\/11\/One-Time-System-Cleanup.jpg","contentUrl":"https:\/\/pchelp50plus.nl\/wp-content\/uploads\/2023\/11\/One-Time-System-Cleanup.jpg","width":1170,"height":646,"caption":"One Time System Cleanup"},{"@type":"BreadcrumbList","@id":"https:\/\/pchelp50plus.nl\/nl\/product\/eenmalige-systeemopruiming\/#breadcrumb","itemListElement":[{"@type":"ListItem","position":1,"name":"Home","item":"https:\/\/pchelp50plus.nl\/nl\/home\/"},{"@type":"ListItem","position":2,"name":"Winkel","item":"https:\/\/pchelp50plus.nl\/nl\/winkel\/"},{"@type":"ListItem","position":3,"name":"Eenmalig systeem opschonen"}]},{"@type":"WebSite","@id":"https:\/\/pchelp50plus.nl\/nl\/#website","url":"https:\/\/pchelp50plus.nl\/nl\/","name":"","description":"","potentialAction":[{"@type":"SearchAction","target":{"@type":"EntryPoint","urlTemplate":"https:\/\/pchelp50plus.nl\/nl\/?s={search_term_string}"},"query-input":{"@type":"PropertyValueSpecification","valueRequired":true,"valueName":"search_term_string"}}],"inLanguage":"nl-NL"}]}},"_links":{"self":[{"href":"https:\/\/pchelp50plus.nl\/nl\/wp-json\/wp\/v2\/product\/2885","targetHints":{"allow":["GET"]}}],"collection":[{"href":"https:\/\/pchelp50plus.nl\/nl\/wp-json\/wp\/v2\/product"}],"about":[{"href":"https:\/\/pchelp50plus.nl\/nl\/wp-json\/wp\/v2\/types\/product"}],"replies":[{"embeddable":true,"href":"https:\/\/pchelp50plus.nl\/nl\/wp-json\/wp\/v2\/comments?post=2885"}],"wp:featuredmedia":[{"embeddable":true,"href":"https:\/\/pchelp50plus.nl\/nl\/wp-json\/wp\/v2\/media\/2884"}],"wp:attachment":[{"href":"https:\/\/pchelp50plus.nl\/nl\/wp-json\/wp\/v2\/media?parent=2885"}],"wp:term":[{"taxonomy":"product_brand","embeddable":true,"href":"https:\/\/pchelp50plus.nl\/nl\/wp-json\/wp\/v2\/product_brand?post=2885"},{"taxonomy":"product_cat","embeddable":true,"href":"https:\/\/pchelp50plus.nl\/nl\/wp-json\/wp\/v2\/product_cat?post=2885"},{"taxonomy":"product_tag","embeddable":true,"href":"https:\/\/pchelp50plus.nl\/nl\/wp-json\/wp\/v2\/product_tag?post=2885"}],"curies":[{"name":"wp","href":"https:\/\/api.w.org\/{rel}","templated":true}]}}